{"id":115594,"date":"2026-04-07T14:37:26","date_gmt":"2026-04-07T14:37:26","guid":{"rendered":"https:\/\/alienroad.com\/media-monitoring\/"},"modified":"2026-04-07T14:37:26","modified_gmt":"2026-04-07T14:37:26","slug":"media-monitoring","status":"publish","type":"page","link":"https:\/\/alienroad.com\/tr\/media-monitoring\/","title":{"rendered":"Medya \u0130zleme"},"content":{"rendered":"\n<p>Markan\u0131z hakk\u0131nda s\u00f6ylenen hi\u00e7bir \u015feyi ka\u00e7\u0131rmay\u0131n.<\/p>\n\n\n\n<figure class=\"wp-block-image size-large\"><img fetchpriority=\"high\" decoding=\"async\" width=\"1024\" height=\"575\" src=\"https:\/\/alienroad.com\/wp-content\/uploads\/2026\/01\/image-3-1024x575.jpeg\" alt=\"\" class=\"wp-image-36113\" title=\"\" srcset=\"https:\/\/alienroad.com\/wp-content\/uploads\/2026\/01\/image-3-1024x575.jpeg 1024w, https:\/\/alienroad.com\/wp-content\/uploads\/2026\/01\/image-3-300x169.jpeg 300w, https:\/\/alienroad.com\/wp-content\/uploads\/2026\/01\/image-3-768x432.jpeg 768w, https:\/\/alienroad.com\/wp-content\/uploads\/2026\/01\/image-3-1536x863.jpeg 1536w, https:\/\/alienroad.com\/wp-content\/uploads\/2026\/01\/image-3-650x365.jpeg 650w, https:\/\/alienroad.com\/wp-content\/uploads\/2026\/01\/image-3.jpeg 1600w\" sizes=\"(max-width: 1024px) 100vw, 1024px\" \/><\/figure>\n\n\n\n<p>Markan\u0131z hakk\u0131nda ne s\u00f6ylendi\u011fini bilmedi\u011finiz bir d\u00fcnyada, ileti\u015fimi y\u00f6netmek imkans\u0131zd\u0131r.<br>Alien Road, medya izlemeyi klasik &#8220;haber kup\u00fcr\u00fc&#8221; yakla\u015f\u0131m\u0131n\u0131n \u00f6tesine ta\u015f\u0131r ve itibara, riske ve f\u0131rsat y\u00f6netimine odaklan\u0131r.<\/p>\n\n\n\n<p>Hedef, sadece nerede oldu\u011funuzu g\u00f6rmek de\u011fil, ne s\u00f6ylendi\u011fini, nas\u0131l alg\u0131land\u0131\u011f\u0131n\u0131 ve harekete ge\u00e7meniz gereken zaman\u0131 bilmektir.<\/p>\n\n\n\n<h2 class=\"wp-block-heading\">Neyi izliyoruz?<\/h2>\n\n\n\n<h3 class=\"wp-block-heading\">Haber Siteleri ve \u00c7evrimi\u00e7i Medya<\/h3>\n\n\n\n<p>Sektiriniz, markan\u0131z, y\u00f6neticileriniz ve rakiplerinizle ilgili t\u00fcm haber ak\u0131\u015f\u0131n\u0131 ger\u00e7ek zamanl\u0131 olarak izliyoruz.<br>Sadece ba\u011flant\u0131 toplam\u0131yoruz; ayr\u0131ca tonu, ba\u011flam\u0131 ve g\u00f6r\u00fcn\u00fcrl\u00fc\u011f\u00fc analiz ediyoruz.<\/p>\n\n\n\n<h3 class=\"wp-block-heading\">Sosyal Medya ve Konu\u015fmalar<\/h3>\n\n\n\n<p>X, Instagram, LinkedIn, TikTok, forumlar\u2026<br>Markan\u0131z, \u00fcr\u00fcnleriniz veya y\u00f6neticilerinizle ilgili \u00f6ne \u00e7\u0131kan konu\u015fmalar\u0131, trendleri ve potansiyel kriz sinyallerini belirliyoruz.<\/p>\n\n\n\n<h3 class=\"wp-block-heading\">Bloglar, Podcast&#8217;ler ve Ni\u015f Kanallar<\/h3>\n\n\n\n<p>Ayr\u0131ca g\u00f6zden ka\u00e7\u0131r\u0131lan ancak etkili kanallar\u0131 da takip ediyoruz.<br>\u00d6zellikle B2B ve ni\u015f sekt\u00f6rlerde, bu kanallar\u0131n piyasa alg\u0131s\u0131 \u00fczerindeki etkisini yak\u0131ndan izliyoruz.<\/p>\n\n\n\n<h3 class=\"wp-block-heading\">Rakip ve Sekt\u00f6r \u0130zleme<\/h3>\n\n\n\n<p>Sadece kendimize de\u011fil, t\u00fcm oyuna bak\u0131yoruz.<br>Rakiplerinizin g\u00f6r\u00fcn\u00fcrl\u00fc\u011f\u00fcn\u00fc, g\u00fc\u00e7l\u00fc y\u00f6nlerini ve sekt\u00f6r i\u00e7indeki ortaya \u00e7\u0131kan anlat\u0131lar\u0131 d\u00fczenli olarak rapor ediyoruz.<\/p>\n\n\n\n<h2 class=\"wp-block-heading\">Nas\u0131l \u00e7al\u0131\u015f\u0131yoruz?<\/h2>\n\n\n\n<h3 class=\"wp-block-heading\">Ger\u00e7ek zamanl\u0131 izleme ve uyar\u0131lar.<\/h3>\n\n\n\n<p>Olumlu bir f\u0131rsat, olumsuz bir risk veya ani bir buzz art\u0131\u015f\u0131\u2026<br>Beraber kritik e\u015fikleri belirliyor ve bu e\u015fik a\u015f\u0131ld\u0131\u011f\u0131nda sizi an\u0131nda bilgilendiriyoruz.<\/p>\n\n\n\n<h3 class=\"wp-block-heading\">Duygu ve Alg\u0131 Analizi<\/h3>\n\n\n\n<p>Her bahis ayn\u0131 etkiyi yaratmaz.<br>C\u00fcmlenin tonunu, i\u00e7eri\u011fin ba\u011flam\u0131n\u0131 ve etkile\u015fimini de\u011ferlendirerek ger\u00e7ek alg\u0131y\u0131 belirliyoruz.<\/p>\n\n\n\n<h3 class=\"wp-block-heading\">Pano ve Y\u00f6netim Raporlar\u0131<\/h3>\n\n\n\n<p>Karma\u015f\u0131k panolar de\u011fil, y\u00f6netim i\u00e7in net ve karar verici \u00f6zetler \u00fcretiyoruz.<br>D\u00fczenli raporlar, trendleri, risk alanlar\u0131n\u0131 ve f\u0131rsat noktalar\u0131n\u0131 net bir \u015fekilde sunar.<\/p>\n\n\n\n<h2 class=\"wp-block-heading\">Neden Alien Road ve Medya \u0130zleme?<\/h2>\n\n\n\n<p>\u00c7\u00fcnk\u00fc medya izlemeyi bir raporlama hizmeti olarak de\u011fil, PR ve marka stratejisi i\u00e7in temel bir girdi olarak g\u00f6r\u00fcyoruz.<\/p>\n\n\n\n<p><br>\u0130zledi\u011fimiz her veri par\u00e7as\u0131, PR, reklam ve i\u00e7erik stratejinize katk\u0131da bulunur; k\u00f6r noktalar\u0131 kapat\u0131r ve riskleri erken tespit etmenize yard\u0131mc\u0131 olur.<\/p>\n\n\n\n<p>Sonu\u00e7: Markan\u0131z hakk\u0131nda ne s\u00f6ylendi\u011fini sadece bilmekle kalmaz, kontrol\u00fc elinize al\u0131rs\u0131n\u0131z.<\/p>\n\n\n\n<figure class=\"wp-block-image\"><img decoding=\"async\" src=\"https:\/\/buffer.com\/resources\/content\/images\/resources\/wp-content\/uploads\/2014\/06\/Basic-Social-Media-Monitoring-Workflow-1.jpg\" alt=\"https:\/\/buffer.com\/resources\/content\/images\/resources\/wp-content\/uploads\/2014\/06\/Basic-Social-Media-Monitoring-Workflow-1.jpg\" title=\"\"><\/figure>\n\n\n\n<figure class=\"wp-block-image\"><img decoding=\"async\" src=\"https:\/\/images.klipfolio.com\/website\/public\/ec8a48b1-aac0-4d65-af27-a0c51452b333\/social-media-performance-dashboard_1.png\" alt=\"https:\/\/images.klipfolio.com\/website\/public\/ec8a48b1-aac0-4d65-af27-a0c51452b333\/social-media-performance-dashboard_1.png\" title=\"\"><\/figure>\n\n\n\n<figure class=\"wp-block-image\"><img decoding=\"async\" src=\"https:\/\/cdn.statcdn.com\/Infographic\/images\/normal\/34007.jpeg\" alt=\"https:\/\/cdn.statcdn.com\/Infographic\/images\/normal\/34007.jpeg\" title=\"\"><\/figure>\n\n\n\n<p>5<\/p>\n\n\n\n<h1 class=\"wp-block-heading\">Medya \u0130zleme: Kapsaml\u0131 ve Derinlemesine Bir Bak\u0131\u015f<\/h1>\n\n\n\n<h2 class=\"wp-block-heading\">1. Medya \u0130zleme Nedir?<\/h2>\n\n\n\n<p><strong>Medya izleme<\/strong>, \u00e7e\u015fitli medya kanallar\u0131nda yay\u0131nlanan i\u00e7erikleri sistematik olarak takip etme, toplama, analiz etme ve yorumlama s\u00fcrecidir; belirli konular, markalar, kurulu\u015flar, bireyler veya sekt\u00f6rlerin nas\u0131l tart\u0131\u015f\u0131ld\u0131\u011f\u0131n\u0131 anlamak i\u00e7in yap\u0131l\u0131r. Bu kanallar genellikle geleneksel medyay\u0131 (bas\u0131l\u0131 gazeteler, dergiler, televizyon, radyo), dijital medyay\u0131 (haber siteleri, bloglar) ve sosyal medya platformlar\u0131n\u0131 i\u00e7erir.<\/p>\n\n\n\n<p>Oz\u00fcnde, medya izleme ham medya i\u00e7eri\u011fini eyleme d\u00f6n\u00fc\u015ft\u00fcr\u00fclebilir zekaya d\u00f6n\u00fc\u015ft\u00fcr\u00fcr; kurulu\u015flar\u0131n bilgili kararlar almas\u0131n\u0131, itibar\u0131 y\u00f6netmesini, etkiyi \u00f6l\u00e7mesini ve riskleri \u00f6ng\u00f6rmesini sa\u011flar.<\/p>\n\n\n\n<hr class=\"wp-block-separator has-alpha-channel-opacity\"\/>\n\n\n\n<h2 class=\"wp-block-heading\">2. Medya \u0130zlemenin Evrimi<\/h2>\n\n\n\n<p>Medya izleme son on y\u0131llarda \u00f6nemli \u00f6l\u00e7\u00fcde evrildi:<\/p>\n\n\n\n<ul class=\"wp-block-list\">\n<li><strong>Manuel D\u00f6nem:<\/strong> Erken medya izleme, fiziksel gazete kup\u00fcrleri, yay\u0131n kay\u0131tlar\u0131 ve insan analistlere dayan\u0131yordu.<\/li>\n\n\n\n<li><strong>Dijital Ge\u00e7i\u015f:<\/strong> \u00c7evrimi\u00e7i haberlerin ve arama motorlar\u0131n\u0131n y\u00fckseli\u015fi, otomatik anahtar kelime tabanl\u0131 takibi getirdi.<\/li>\n\n\n\n<li><strong>Sosyal Medya Geni\u015flemesi:<\/strong> Twitter, Facebook, LinkedIn, Instagram ve TikTok gibi platformlar, ger\u00e7ek zamanl\u0131, kullan\u0131c\u0131 taraf\u0131ndan olu\u015fturulan i\u00e7eri\u011fi ekledi.<\/li>\n\n\n\n<li><strong>Yapay Zeka Destekli \u0130zleme:<\/strong> Modern \u00e7\u00f6z\u00fcmler, yapay zeka, do\u011fal dil i\u015fleme (NLP) ve makine \u00f6\u011frenimini kullanarak duygu, trend ve anomalileri \u00f6l\u00e7ekte tespit eder.<\/li>\n<\/ul>\n\n\n\n<p>Bu evrim, medya izlemeyi reaktif bir i\u015flevden proaktif bir stratejik yetene\u011fe d\u00f6n\u00fc\u015ft\u00fcrd\u00fc.<\/p>\n\n\n\n<hr class=\"wp-block-separator has-alpha-channel-opacity\"\/>\n\n\n\n<h2 class=\"wp-block-heading\">3. Medya \u0130zleme T\u00fcrleri<\/h2>\n\n\n\n<h3 class=\"wp-block-heading\">3.1 Geleneksel Medya \u0130zleme<\/h3>\n\n\n\n<p>\u015eunlara odaklan\u0131r:<\/p>\n\n\n\n<ul class=\"wp-block-list\">\n<li>Gazeteler ve dergiler<\/li>\n\n\n\n<li>Televizyon haberleri ve sohbet programlar\u0131<\/li>\n\n\n\n<li>Radyo yay\u0131nlar\u0131<\/li>\n<\/ul>\n\n\n\n<p>Dijital b\u00fcy\u00fcme ra\u011fmen, geleneksel medya \u00f6zellikle politik, finansal ve d\u00fczenleyici anlat\u0131lar i\u00e7in etkili olmaya devam eder.<\/p>\n\n\n\n<h3 class=\"wp-block-heading\">3.2 Dijital Medya \u0130zleme<\/h3>\n\n\n\n<p>\u015eunlar\u0131 kapsar:<\/p>\n\n\n\n<ul class=\"wp-block-list\">\n<li>\u00c7evrimi\u00e7i haber portallar\u0131<\/li>\n\n\n\n<li>Bloglar ve forumlar<\/li>\n\n\n\n<li>Bas\u0131n b\u00fclteni da\u011f\u0131t\u0131m siteleri<\/li>\n<\/ul>\n\n\n\n<p>Dijital izleme, geleneksel kanallara k\u0131yasla daha h\u0131zl\u0131 takip ve daha kolay ar\u015fivleme sa\u011flar.<\/p>\n\n\n\n<h3 class=\"wp-block-heading\">3.3 Sosyal Medya \u0130zleme<\/h3>\n\n\n\n<p>\u015eunlar\u0131 takip eder:<\/p>\n\n\n\n<ul class=\"wp-block-list\">\n<li>Bahisler, etiketler ve anahtar kelimeler<\/li>\n\n\n\n<li>Kullan\u0131c\u0131 duygusu ve etkile\u015fimi<\/li>\n\n\n\n<li>Viral i\u00e7erik ve etkileyiciler<\/li>\n<\/ul>\n\n\n\n<p>Sosyal medya izleme, ger\u00e7ek zamanl\u0131 i\u00e7g\u00f6r\u00fcler ve kriz tespiti i\u00e7in kritik \u00f6neme sahiptir.<\/p>\n\n\n\n<h3 class=\"wp-block-heading\">3.4 Yay\u0131n ve \u00c7oklu Ortam \u0130zleme<\/h3>\n\n\n\n<p>\u015eunlar\u0131 i\u00e7erir:<\/p>\n\n\n\n<ul class=\"wp-block-list\">\n<li>Podcast&#8217;ler<\/li>\n\n\n\n<li>Video platformlar\u0131 (\u00f6r. YouTube)<\/li>\n\n\n\n<li>Canl\u0131 yay\u0131n hizmetleri<\/li>\n<\/ul>\n\n\n\n<p>Geli\u015fmi\u015f konu\u015fma-metne d\u00f6n\u00fc\u015ft\u00fcrme teknolojisi, konu\u015fulan i\u00e7eri\u011fin \u00f6l\u00e7ekte izlenmesini sa\u011flar.<\/p>\n\n\n\n<hr class=\"wp-block-separator has-alpha-channel-opacity\"\/>\n\n\n\n<h2 class=\"wp-block-heading\">4. Medya \u0130zlemenin Temel Bile\u015fenleri<\/h2>\n\n\n\n<h3 class=\"wp-block-heading\">4.1 Veri Toplama<\/h3>\n\n\n\n<p>Otomatik ara\u00e7lar, binlerce kayna\u011f\u0131 s\u00fcrekli tarar ve \u015fu y\u00f6ntemleri kullan\u0131r:<\/p>\n\n\n\n<ul class=\"wp-block-list\">\n<li>Anahtar kelimeler<\/li>\n\n\n\n<li>Boolean sorgular<\/li>\n\n\n\n<li>Dil ve co\u011frafi filtreler<\/li>\n<\/ul>\n\n\n\n<h3 class=\"wp-block-heading\">4.2 \u0130\u00e7erik S\u0131n\u0131fland\u0131rma<\/h3>\n\n\n\n<p>Toplanan i\u00e7erik, \u015funlara g\u00f6re kategorize edilir:<\/p>\n\n\n\n<ul class=\"wp-block-list\">\n<li>Konu veya tema<\/li>\n\n\n\n<li>Medya t\u00fcr\u00fc<\/li>\n\n\n\n<li>Kaynak g\u00fcvenilirli\u011fi<\/li>\n<\/ul>\n\n\n\n<h3 class=\"wp-block-heading\">4.3 Duygu Analizi<\/h3>\n\n\n\n<p>Yapay zeka modelleri, kapsaman\u0131n olup olmad\u0131\u011f\u0131n\u0131 de\u011ferlendirir:<\/p>\n\n\n\n<ul class=\"wp-block-list\">\n<li>Olumlu<\/li>\n\n\n\n<li>Olumsuz<\/li>\n\n\n\n<li>Tarafs\u0131z<\/li>\n<\/ul>\n\n\n\n<p>Geli\u015fmi\u015f sistemler, alayc\u0131l\u0131k, duygusal ton ve ba\u011flamsal n\u00fcans\u0131 tespit eder.<\/p>\n\n\n\n<h3 class=\"wp-block-heading\">4.4 Eri\u015fim ve Etki \u00d6l\u00e7\u00fcm\u00fc<\/h3>\n\n\n\n<p>Yayg\u0131n olarak analiz edilen metrikler \u015funlard\u0131r:<\/p>\n\n\n\n<ul class=\"wp-block-list\">\n<li>Potansiyel izleyici eri\u015fimi<\/li>\n\n\n\n<li>Ses pay\u0131<\/li>\n\n\n\n<li>Etkile\u015fim seviyeleri<\/li>\n<\/ul>\n\n\n\n<h3 class=\"wp-block-heading\">4.5 Raporlama ve G\u00f6rselle\u015ftirme<\/h3>\n\n\n\n<p>\u0130\u00e7g\u00f6r\u00fcler \u015fu yollarla iletilir:<\/p>\n\n\n\n<ul class=\"wp-block-list\">\n<li>Panolar<\/li>\n\n\n\n<li>Uyar\u0131lar ve bildirimler<\/li>\n\n\n\n<li>D\u00f6nemsel raporlar<\/li>\n<\/ul>\n\n\n\n<p>Etkili g\u00f6rselle\u015ftirme, karar vericilerin trendleri h\u0131zl\u0131ca yorumlamas\u0131na yard\u0131mc\u0131 olur.<\/p>\n\n\n\n<hr class=\"wp-block-separator has-alpha-channel-opacity\"\/>\n\n\n\n<h2 class=\"wp-block-heading\">5. Medya \u0130zleme Neden \u00d6nemlidir<\/h2>\n\n\n\n<h3 class=\"wp-block-heading\">5.1 \u0130tibar Y\u00f6netimi<\/h3>\n\n\n\n<p>Medya izleme, kurulu\u015flar\u0131n \u015funlara izin verir:<\/p>\n\n\n\n<ul class=\"wp-block-list\">\n<li>Olumsuz kapsama erken tespit<\/li>\n\n\n\n<li>Yan\u0131lt\u0131c\u0131 bilgilere h\u0131zl\u0131 yan\u0131t<\/li>\n\n\n\n<li>Marka g\u00fcvenilirli\u011fini koruma<\/li>\n<\/ul>\n\n\n\n<h3 class=\"wp-block-heading\">5.2 Kriz Y\u00f6netimi<\/h3>\n\n\n\n<p>Aniden olumsuz duygu art\u0131\u015flar\u0131 gibi erken uyar\u0131 sinyalleri, kurulu\u015flar\u0131n \u015funlara yard\u0131mc\u0131 olur:<\/p>\n\n\n\n<ul class=\"wp-block-list\">\n<li>Ortaya \u00e7\u0131kan krizleri belirleme<\/li>\n\n\n\n<li>Yan\u0131t stratejilerini koordine etme<\/li>\n\n\n\n<li>\u0130tibar hasar\u0131n\u0131 en aza indirme<\/li>\n<\/ul>\n\n\n\n<h3 class=\"wp-block-heading\">5.3 Rekabet \u0130stihbarat\u0131<\/h3>\n\n\n\n<p>Rakipleri izleyerek, kurulu\u015flar \u015funlara yapabilir:<\/p>\n\n\n\n<ul class=\"wp-block-list\">\n<li>Piyasa konumland\u0131rmas\u0131n\u0131 takip etme<\/li>\n\n\n\n<li>Stratejik hamleleri belirleme<\/li>\n\n\n\n<li>Medya performans\u0131n\u0131 k\u0131yaslama<\/li>\n<\/ul>\n\n\n\n<h3 class=\"wp-block-heading\">5.4 Pazarlama a<\/h3>\n\n","protected":false},"excerpt":{"rendered":"<p>Markan\u0131z hakk\u0131nda s\u00f6ylenen hi\u00e7bir \u015feyi ka\u00e7\u0131rmay\u0131n. Markan\u0131z hakk\u0131nda ne s\u00f6ylendi\u011fini bilmedi\u011finiz bir d\u00fcnyada, ileti\u015fimi y\u00f6netmek imkans\u0131zd\u0131r.Alien Road, medya izlemeyi klasik &#8220;haber kup\u00fcr\u00fc&#8221; yakla\u015f\u0131m\u0131n\u0131n \u00f6tesine ta\u015f\u0131r ve itibara, riske ve f\u0131rsat y\u00f6netimine odaklan\u0131r. Hedef, sadece nerede oldu\u011funuzu g\u00f6rmek de\u011fil, ne s\u00f6ylendi\u011fini, nas\u0131l alg\u0131land\u0131\u011f\u0131n\u0131 ve harekete ge\u00e7meniz gereken zaman\u0131 bilmektir. Neyi izliyoruz? Haber Siteleri ve \u00c7evrimi\u00e7i Medya [&hellip;]<\/p>\n","protected":false},"author":1,"featured_media":37532,"parent":0,"menu_order":0,"comment_status":"closed","ping_status":"closed","template":"page-child-detail.php","meta":{"_acf_changed":false,"footnotes":""},"class_list":["post-115594","page","type-page","status-publish","has-post-thumbnail","hentry"],"acf":[],"_links":{"self":[{"href":"https:\/\/alienroad.com\/tr\/wp-json\/wp\/v2\/pages\/115594","targetHints":{"allow":["GET"]}}],"collection":[{"href":"https:\/\/alienroad.com\/tr\/wp-json\/wp\/v2\/pages"}],"about":[{"href":"https:\/\/alienroad.com\/tr\/wp-json\/wp\/v2\/types\/page"}],"author":[{"embeddable":true,"href":"https:\/\/alienroad.com\/tr\/wp-json\/wp\/v2\/users\/1"}],"replies":[{"embeddable":true,"href":"https:\/\/alienroad.com\/tr\/wp-json\/wp\/v2\/comments?post=115594"}],"version-history":[{"count":0,"href":"https:\/\/alienroad.com\/tr\/wp-json\/wp\/v2\/pages\/115594\/revisions"}],"wp:featuredmedia":[{"embeddable":true,"href":"https:\/\/alienroad.com\/tr\/wp-json\/wp\/v2\/media\/37532"}],"wp:attachment":[{"href":"https:\/\/alienroad.com\/tr\/wp-json\/wp\/v2\/media?parent=115594"}],"curies":[{"name":"wp","href":"https:\/\/api.w.org\/{rel}","templated":true}]}}