{"id":116024,"date":"2026-03-21T11:34:15","date_gmt":"2026-03-21T11:34:15","guid":{"rendered":"https:\/\/alienroad.com\/ai-optimization\/"},"modified":"2026-04-07T16:57:49","modified_gmt":"2026-04-07T16:57:49","slug":"ai-optimization","status":"publish","type":"page","link":"https:\/\/alienroad.com\/tr\/ai-optimization\/","title":{"rendered":"Yapay Zeka Optimizasyonu"},"content":{"rendered":"\n<p>Yapay zeka optimizasyonu, yapay zekay\u0131 kullanarak dijital pazarlama performans\u0131n\u0131 iyile\u015ftirmek, i\u015f operasyonlar\u0131n\u0131 basitle\u015ftirmek ve arama g\u00f6r\u00fcn\u00fcrl\u00fc\u011f\u00fcn\u00fc art\u0131rmak i\u00e7in stratejik bir s\u00fcre\u00e7tir. Ger\u00e7ek zamanl\u0131 verileri ve kullan\u0131c\u0131 davran\u0131\u015flar\u0131n\u0131 \u00f6l\u00e7ekli olarak analiz ederek, bu teknoloji markalar\u0131n daha ak\u0131ll\u0131 kararlar almas\u0131n\u0131 ve karma\u015f\u0131k i\u015f ak\u0131\u015flar\u0131n\u0131 otomatikle\u015ftirmesini sa\u011flar.<\/p>\n\n\n\n<h2 class=\"wp-block-heading\" id=\"ai-in-digital-marketing\">Dijital Pazarlamada Yapay Zeka<\/h2>\n\n\n\n<p>Yapay zeka destekli platformlar, \u00fccretli medya, SEO ve e-posta pazarlamas\u0131 genelinde kampanya performans\u0131n\u0131 s\u00fcrekli analiz ederek kal\u0131plar\u0131 belirler ve verimsizlikleri i\u015faretler. Gecikmeli manuel raporlamaya dayanmak yerine, bu sistemler teklifleri dinamik olarak ayarlar, mesajla\u015fmay\u0131 inceltir ve b\u00fct\u00e7eleri daha y\u00fcksek d\u00f6n\u00fc\u015f\u00fcm sa\u011flayan kanallara ger\u00e7ek zamanl\u0131 olarak yakla\u015ft\u0131r\u0131r. Bu, pazarlama kararlar\u0131n\u0131n geni\u015f varsay\u0131mlardan ziyade ger\u00e7ek davran\u0131\u015fsal verilere dayand\u0131r\u0131lmas\u0131n\u0131 sa\u011flar ve sonu\u00e7ta bo\u015fa harcanan reklam harcamalar\u0131n\u0131 azalt\u0131r.\u200b<\/p>\n\n\n\n<h2 class=\"wp-block-heading\" id=\"search-and-content-strategy\">Arama ve \u0130\u00e7erik Stratejisi<\/h2>\n\n\n\n<figure class=\"wp-block-image size-large\"><img fetchpriority=\"high\" decoding=\"async\" width=\"1024\" height=\"576\" src=\"https:\/\/alienroad.com\/wp-content\/uploads\/2026\/03\/shutterstock_84121753-1024x576.jpg\" alt=\"\" class=\"wp-image-37680\" title=\"\" srcset=\"https:\/\/alienroad.com\/wp-content\/uploads\/2026\/03\/shutterstock_84121753-1024x576.jpg 1024w, https:\/\/alienroad.com\/wp-content\/uploads\/2026\/03\/shutterstock_84121753-300x169.jpg 300w, https:\/\/alienroad.com\/wp-content\/uploads\/2026\/03\/shutterstock_84121753-768x432.jpg 768w, https:\/\/alienroad.com\/wp-content\/uploads\/2026\/03\/shutterstock_84121753-1536x864.jpg 1536w, https:\/\/alienroad.com\/wp-content\/uploads\/2026\/03\/shutterstock_84121753-650x366.jpg 650w, https:\/\/alienroad.com\/wp-content\/uploads\/2026\/03\/shutterstock_84121753.jpg 1920w\" sizes=\"(max-width: 1024px) 100vw, 1024px\" \/><\/figure>\n\n\n\n<p>Arama motoru optimizasyonu alan\u0131nda, \u00fcretken yapay zeka odak noktas\u0131n\u0131 temel anahtar kelime yerle\u015ftirmeden niyet odakl\u0131 i\u00e7erik olu\u015fturmaya kayd\u0131r\u0131r. Yapay zeka ara\u00e7lar\u0131, kullan\u0131c\u0131 arama davran\u0131\u015f\u0131na dayal\u0131 i\u00e7erik bo\u015fluklar\u0131n\u0131 belirlemeye, en iyi performans g\u00f6sterecek konular\u0131 tahmin etmeye ve sayfalar\u0131 modern yapay zeka okunabilir formatlar i\u00e7in yap\u0131land\u0131rmaya yard\u0131mc\u0131 olur. Ayr\u0131ca, yapay zeka web sitelerinin zengin sonu\u00e7lar elde etmesine ve genel dijital varl\u0131\u011f\u0131n\u0131 iyile\u015ftirmesine yard\u0131mc\u0131 olmak i\u00e7in \u015fema i\u015faretlemelerini otomatik olarak \u00f6nerebilir ve ekleyebilir.<\/p>\n\n\n\n<h2 class=\"wp-block-heading\" id=\"streamlining-business-operations\">\u0130\u015f Operasyonlar\u0131n\u0131 Basitle\u015ftirme<\/h2>\n\n\n\n<p>Pazarlaman\u0131n \u00f6tesinde, yapay zeka optimizasyonu, tekrar eden g\u00f6revleri ve kaynak tahsisini otomatikle\u015ftirerek genel i\u015f verimlili\u011fini \u00f6nemli \u00f6l\u00e7\u00fcde art\u0131r\u0131r. \u00d6zel yapay zeka \u00e7\u00f6z\u00fcmleri, mevcut i\u015f ak\u0131\u015flar\u0131yla sorunsuz entegre olarak otomatik belge i\u015fleminden ak\u0131ll\u0131 asistanlar arac\u0131l\u0131\u011f\u0131yla ki\u015fiselle\u015ftirilmi\u015f m\u00fc\u015fteri etkile\u015fimine kadar her \u015feyi y\u00f6netebilir. Bu, i\u015f sahiplerinin stratejik b\u00fcy\u00fcme giri\u015fimlerine odaklanmas\u0131n\u0131 sa\u011flarken, teknoloji ba\u015far\u0131l\u0131 operasyonlar\u0131 arka planda \u00f6l\u00e7eklendirir.<\/p>\n\n\n\n<h2 class=\"wp-block-heading\" id=\"traditional-vs-ai-optimization\">Geleneksel Optimizasyon vs Yapay Zeka Optimizasyonu<\/h2>\n\n\n\n<figure class=\"wp-block-table\"><table class=\"has-fixed-layout\"><thead><tr><th class=\"has-text-align-left\" data-align=\"left\">\u00d6zellik<\/th><th class=\"has-text-align-left\" data-align=\"left\">Geleneksel Optimizasyon<\/th><th class=\"has-text-align-left\" data-align=\"left\">Yapay Zeka Optimizasyonu<\/th><\/tr><\/thead><\/table><\/figure>\n\n\n\n<figure class=\"wp-block-table\"><table class=\"has-fixed-layout\"><thead><tr><th class=\"has-text-align-left\" data-align=\"left\">\u00d6zellik<\/th><th class=\"has-text-align-left\" data-align=\"left\">Geleneksel Optimizasyon<\/th><th class=\"has-text-align-left\" data-align=\"left\">Yapay Zeka Optimizasyonu<\/th><\/tr><\/thead><tbody><tr><td class=\"has-text-align-left\" data-align=\"left\"><strong>Veri Analizi<\/strong><\/td><td class=\"has-text-align-left\" data-align=\"left\">Tarihsel raporlara ve manuel yoruma dayan\u0131r&nbsp;\u200b.<\/td><td class=\"has-text-align-left\" data-align=\"left\">Ger\u00e7ek zamanl\u0131 davran\u0131\u015fsal sinyalleri an\u0131nda analiz eder&nbsp;\u200b.<\/td><\/tr><tr><td class=\"has-text-align-left\" data-align=\"left\"><strong>\u0130\u00e7erik Stratejisi<\/strong><\/td><td class=\"has-text-align-left\" data-align=\"left\">Geni\u015f ki\u015filiklere ve temel anahtar kelime yo\u011funlu\u011funa odaklan\u0131r&nbsp;.<\/td><td class=\"has-text-align-left\" data-align=\"left\">Belirli arama niyeti ve mikro segmentlerle kusursuz uyum sa\u011flar&nbsp;.<\/td><\/tr><tr><td class=\"has-text-align-left\" data-align=\"left\"><strong>Kampanya Y\u00f6netimi<\/strong><\/td><td class=\"has-text-align-left\" data-align=\"left\">Manuel performans incelemeleri i\u00e7in haftalarca beklemeyi gerektirir&nbsp;\u200b.<\/td><td class=\"has-text-align-left\" data-align=\"left\">Manuel gecikme olmadan s\u00fcrekli, otomatik ayarlamalar yapar&nbsp;\u200b.<\/td><\/tr><tr><td class=\"has-text-align-left\" data-align=\"left\"><strong>Operasyonel Verimlilik<\/strong><\/td><td class=\"has-text-align-left\" data-align=\"left\">Rutin i\u015f g\u00f6revleri i\u00e7in a\u011f\u0131r manuel \u00e7aba i\u00e7erir&nbsp;\u200b.<\/td><td class=\"has-text-align-left\" data-align=\"left\">\u0130\u015f ak\u0131\u015flar\u0131n\u0131 otomatikle\u015ftirerek ayl\u0131k y\u00fczlerce saat tasarruf sa\u011flar&nbsp;.<\/td><\/tr><\/tbody><\/table><\/figure>\n\n\n\n<h2 class=\"wp-block-heading\" id=\"alien-road-vision\">Alien Road Vizyonu<\/h2>\n\n\n\n<p>Alien Road, bu geli\u015fmi\u015f yapay zeka optimizasyon stratejilerini modern markalar i\u00e7in birle\u015fik bir dijital b\u00fcy\u00fcme modeline entegre eder. Alper Ko\u00e7er taraf\u0131ndan kurulan ajans, veri, yarat\u0131c\u0131l\u0131k ve teknolojiyi kullanarak \u00f6l\u00e7eklenebilir ve \u00f6l\u00e7\u00fclebilir dijital performans olu\u015fturmaya odaklan\u0131r. Yapay zeka odakl\u0131 SEO, dinamik reklam optimizasyonu ve ak\u0131ll\u0131 dijital tasar\u0131m\u0131 birle\u015ftirerek, Alien Road i\u015fletmelerin giderek otomatize olan bir ortamda rekabet\u00e7i kalmas\u0131n\u0131 sa\u011flar.<\/p>\n\n\n\n<p>Dijital manzara devasa bir paradigma de\u011fi\u015fimi ge\u00e7iriyor. 2026&#8217;ya do\u011fru ilerlerken, dijital g\u00f6r\u00fcn\u00fcrl\u00fc\u011f\u00fc yakalaman\u0131n geleneksel y\u00f6ntemleri h\u0131zla evrilmekte ve arama i\u00e7in daha ak\u0131ll\u0131, ba\u011flam fark\u0131nda ve dinamik bir yakla\u015f\u0131ma yer a\u00e7maktad\u0131r. Bu devrimin kalbinde, markalar\u0131n izleyicileriyle ba\u011flant\u0131 kurma \u015feklini yeniden tan\u0131mlayan bir kavram yatmaktad\u0131r.<\/p>\n\n\n\n<p>Sekt\u00f6rlerini domine etmeyi hedefleyen i\u015fletmeler i\u00e7in, yapay zeka optimizasyonunu anlamak ve uygulamak art\u0131k iste\u011fe ba\u011fl\u0131 bir strateji de\u011fil; nihai bir zorunluluktur. Bu kapsaml\u0131 s\u00fctun rehberi, dijital pazarlaman\u0131n bu yeni \u00e7a\u011f\u0131n\u0131 Alper Ko\u00e7er&#8217;in vizyoner i\u00e7g\u00f6r\u00fclerinden ve Alien Road Company&#8217;nin yenilik\u00e7i yakla\u015f\u0131mlar\u0131na kadar her \u015feyi ke\u015ffeder; temel ilkelerinden ba\u015flayarak.<\/p>\n\n\n\n<h2 class=\"wp-block-heading\" id=\"what-is-ai-optimization\">Yapay Zeka Optimizasyonu Nedir?<\/h2>\n\n\n\n<p>Yapay Zeka Optimizasyonu\u2014s\u0131kl\u0131kla Yapay Zeka Optimizasyonu (AIO), \u00dcretken Motor Optimizasyonu (GEO) veya Cevap Motoru Optimizasyonu (AEO) olarak an\u0131l\u0131r\u2014dijital i\u00e7eri\u011fi yapay zeka modelleri taraf\u0131ndan sorunsuz bir \u015fekilde ke\u015ffedilebilecek, anla\u015f\u0131labilecek ve al\u0131nt\u0131lanabilecek \u015fekilde yap\u0131land\u0131rma, yazma ve bi\u00e7imlendirme s\u00fcrecinin sofistike bir bi\u00e7imidir.\u200b<\/p>\n\n\n\n<p>On y\u0131llar boyunca, Arama Motoru Optimizasyonu (SEO) esas olarak anahtar kelime yo\u011funlu\u011fu, geri ba\u011flant\u0131lar ve teknik site yap\u0131lar\u0131 arac\u0131l\u0131\u011f\u0131yla geleneksel arama algoritmalar\u0131n\u0131 memnun etmek i\u00e7in tasarland\u0131. Ancak modern dijital ekosistem, B\u00fcy\u00fck Dil Modelleri (LLM&#8217;ler), yapay zeka odakl\u0131 sohbet botlar\u0131 ve ajanik yapay zeka \u00e7er\u00e7eveleri taraf\u0131ndan giderek domine edilmektedir. Bu sistemler yaln\u0131zca anahtar kelimeleri e\u015fle\u015ftirmekle kalmaz; web&#8217;i \u00f6zerk olarak ke\u015ffeder, derin anlamsal anlamlar\u0131 yorumlar ve kullan\u0131c\u0131lar i\u00e7in en iyi olas\u0131 cevaplar\u0131 sentezlemek \u00fczere &#8220;dijital dedektifler&#8221; olarak hareket eder. Yapay Zeka Optimizasyonu, markan\u0131z\u0131n i\u00e7eri\u011finin bu ak\u0131ll\u0131 sistemlerin yan\u0131tlar\u0131n\u0131 \u00fcretmek i\u00e7in g\u00fcvendikleri otoriter kaynak veri olarak konumland\u0131r\u0131lmas\u0131n\u0131 sa\u011flar.two99+2<\/p>\n\n\n\n<h2 class=\"wp-block-heading\" id=\"the-core-pillars-of-the-new-paradigm\">Yeni Paradigman\u0131n Temel S\u00fctunlar\u0131<\/h2>\n\n\n\n<p>Bu d\u00f6n\u00fc\u015f\u00fcm\u00fcn mekani\u011fini tam olarak kavramak i\u00e7in temel s\u00fctunlar\u0131n\u0131 par\u00e7alara ay\u0131rmal\u0131y\u0131z:<\/p>\n\n\n\n<ul class=\"wp-block-list\">\n<li><strong>Anlamsal Anlama:<\/strong> Modern yapay zeka sistemleri, y\u00fczeysel anahtar kelimelerin \u00fczerinde derin metinsel anlam\u0131 \u00f6nceliklendirir. Optimizasyon art\u0131k temel konular\u0131 net bir \u015fekilde tan\u0131mlamay\u0131, tutarl\u0131 kavram a\u00e7\u0131klamalar\u0131n\u0131 sa\u011flamay\u0131 ve t\u00fcm dijital sayfalarda terminolojiyi kusursuz bir \u015fekilde uyumlu hale getirmeyi gerektirir.\u200b<\/li>\n\n\n\n<li><strong>Niyet Yorumu:<\/strong> Yapay zeka, bir i\u00e7erik par\u00e7as\u0131n\u0131n altta yatan kullan\u0131c\u0131 niyetini ger\u00e7ekten tatmin edip etmedi\u011fini de\u011ferlendirir ve kullan\u0131c\u0131 arad\u0131\u011f\u0131 ile sayfa ger\u00e7ekten a\u00e7\u0131klad\u0131\u011f\u0131 aras\u0131nda net bir uyum arar.\u200b<\/li>\n\n\n\n<li><strong>Varl\u0131k \u00c7\u00f6z\u00fcmlemesi:<\/strong> Yapay zeka d\u00fcnyay\u0131 varl\u0131klar (ki\u015filer, yerler, kavramlar, markalar) ve ili\u015fkileri \u00fczerinden g\u00f6r\u00fcr. \u0130\u00e7erik, Bilgi Grafi\u011fi format\u0131nda g\u00fc\u00e7l\u00fc ili\u015fkisel ba\u011flant\u0131lar kurmal\u0131d\u0131r.<\/li>\n\n\n\n<li><strong>Makine Okunabilir Otorite:<\/strong> \u0130\u00e7erik yaln\u0131zca insan netli\u011fi i\u00e7in de\u011fil, yapay zekan\u0131n ger\u00e7ekleri g\u00fcvenle \u00e7\u0131karmas\u0131na ve al\u0131nt\u0131lamas\u0131na izin veren sa\u011flam \u015fema i\u015faretlemeleri ve yap\u0131land\u0131r\u0131lm\u0131\u015f verilerle bi\u00e7imlendirilmelidir.\u200b<\/li>\n<\/ul>\n\n\n\n<h2 class=\"wp-block-heading\" id=\"traditional-seo-vs-ai-optimization-a-comprehensive\">Geleneksel SEO vs. Yapay Zeka Optimizasyonu: Kapsaml\u0131 Bir Kar\u015f\u0131la\u015ft\u0131rma<\/h2>\n\n\n\n<p>Nereye gitti\u011fimizi anlamak i\u00e7in nereden geldi\u011fimizi de\u011ferlendirmeliyiz. Miras SEO&#8217;dan modern \u00e7a\u011fa ge\u00e7i\u015f, stratejide temel bir de\u011fi\u015fim gerektirir. A\u015fa\u011f\u0131daki tablo, iki metodoloji aras\u0131ndaki kritik farklar\u0131 \u00f6zetler.<\/p>\n\n\n\n<figure class=\"wp-block-table\"><table class=\"has-fixed-layout\"><thead><tr><th class=\"has-text-align-left\" data-align=\"left\">Odak Alan\u0131<\/th><th class=\"has-text-align-left\" data-align=\"left\">Geleneksel SEO<\/th><th class=\"has-text-align-left\" data-align=\"left\">Yapay Zeka Optimizasyonu (AIO)<\/th><\/tr><\/thead><tbody><tr><td class=\"has-text-align-left\" data-align=\"left\"><strong>Birincil Hedef Kitle<\/strong><\/td><td class=\"has-text-align-left\" data-align=\"left\">Geleneksel arama algoritmalar\u0131 (\u00f6rne\u011fin, Google&#8217;\u0131n klasik taray\u0131c\u0131s\u0131)<\/td><td class=\"has-text-align-left\" data-align=\"left\">\u00dcretken yapay zeka modelleri, Ajanik Yapay Zeka ve insan okuyucular ranktracker+1<\/td><\/tr><tr><td class=\"has-text-align-left\" data-align=\"left\"><strong>Mimari Odak<\/strong><\/td><td class=\"has-text-align-left\" data-align=\"left\">Anahtar kelime k\u00fcmeleri, arama hacmi ve anahtar kelime yo\u011funlu\u011fu \u200b<\/td><td class=\"has-text-align-left\" data-align=\"left\">Varl\u0131k ili\u015fkileri, anlamsal derinlik ve konusal otorite \u200b<\/td><\/tr><tr><td class=\"has-text-align-left\" data-align=\"left\"><strong>Son Hedef<\/strong><\/td><td class=\"has-text-align-left\" data-align=\"left\">Arama Motoru Sonu\u00e7 Sayfalar\u0131nda (SERP&#8217;ler) web sayfalar\u0131n\u0131 ilk sayfada s\u0131ralamak \u200b<\/td><td class=\"has-text-align-left\" data-align=\"left\">Yapay zeka motorlar\u0131 taraf\u0131ndan g\u00fcvenilir kaynak olarak se\u00e7ilmek ve do\u011frudan al\u0131nt\u0131lanmak \u200b<\/td><\/tr><tr><td class=\"has-text-align-left\" data-align=\"left\"><strong>\u0130\u00e7erik Stratejisi<\/strong><\/td><td class=\"has-text-align-left\" data-align=\"left\">Arama sorgular\u0131na cevap vererek T\u0131klama Oranlar\u0131n\u0131 (CTR) maksimize etmek \u200b<\/td><td class=\"has-text-align-left\" data-align=\"left\">G\u00fcven ve makine kavray\u0131\u015f\u0131 i\u00e7in optimize edilmi\u015f kapsaml\u0131, belirsiz olmayan cevaplar sa\u011flamak \u200b<\/td><\/tr><tr><td class=\"has-text-align-left\" data-align=\"left\"><strong>Veri Bi\u00e7imlendirme<\/strong><\/td><td class=\"has-text-align-left\" data-align=\"left\">Standart HTML, meta etiketleri ve temel metin bi\u00e7imlendirme \u200b<\/td><td class=\"has-text-align-left\" data-align=\"left\">Geli\u015fmi\u015f \u015eema i\u015faretleme, yap\u0131land\u0131r\u0131lm\u0131\u015f i\u00e7erik ve derin ba\u011flam katmanlar\u0131 \u200b<\/td><\/tr><tr><td class=\"has-text-align-left\" data-align=\"left\"><strong>Performans Metri\u011fi<\/strong><\/td><td class=\"has-text-align-left\" data-align=\"left\">Organik trafik hacmi, \u00e7\u0131kma oran\u0131 ve sayfa g\u00f6r\u00fcnt\u00fclemeleri<\/td><td class=\"has-text-align-left\" data-align=\"left\">Yapay zeka \u00e7\u0131kt\u0131lar\u0131nda marka mentionlar\u0131, al\u0131nt\u0131 s\u0131kl\u0131\u011f\u0131 ve niyet \u00e7\u00f6z\u00fcmlemesi \u200b<\/td><\/tr><\/tbody><\/table><\/figure>\n\n\n\n<h2 class=\"wp-block-heading\" id=\"how-to-implement-ai-optimization-a-step-by-step-bl\">Yapay Zeka Optimizasyonunu Uygulama: Ad\u0131m Ad\u0131m Plan<\/h2>\n\n\n\n<p>Yapay zeka odakl\u0131 bir dijital stratejiye ge\u00e7i\u015f, titiz, \u00e7ok katmanl\u0131 bir yakla\u015f\u0131m gerektirir. A\u015fa\u011f\u0131da 2026 i\u00e7in kusursuz bir strateji y\u00fcr\u00fctme plan\u0131 bulunmaktad\u0131r.<\/p>\n\n\n\n<h2 class=\"wp-block-heading\" id=\"1-optimize-for-semantic-depth-and-intent\">1. Anlamsal Derinlik ve Niyet \u0130\u00e7in Optimize Edin<\/h2>\n\n\n\n<p>Tek bir anahtar kelime etraf\u0131nda i\u00e7erik yazmak yerine, kapsaml\u0131 konusal k\u00fcmeler olu\u015fturun. Yapay zeka, kullan\u0131c\u0131 niyetini bilgi bo\u015fluklar\u0131 b\u0131rakmadan temiz bir \u015fekilde \u00e7\u00f6zen i\u00e7eri\u011fi tercih eder. Kullan\u0131c\u0131n\u0131n bir alt konu hakk\u0131nda sorabilece\u011fi her sorunun do\u011frudan, kesin ve belirsiz olmayan bir dille cevapland\u0131\u011f\u0131ndan emin olun.\u200b<\/p>\n\n\n\n<h2 class=\"wp-block-heading\" id=\"2-structure-content-for-machine-readability\">2. \u0130\u00e7eri\u011fi Makine Okunabilirli\u011fi \u0130\u00e7in Yap\u0131land\u0131r\u0131n<\/h2>\n\n\n\n<p>Yapay zeka modelleri, yap\u0131land\u0131r\u0131lmam\u0131\u015f metin duvarlar\u0131ndan yap\u0131land\u0131r\u0131lm\u0131\u015f bilgileri \u00f6nemli \u00f6l\u00e7\u00fcde daha h\u0131zl\u0131 sindirir.<\/p>\n\n\n\n<ul class=\"wp-block-list\">\n<li>Net, hiyerar\u015fik Markdown ba\u015fl\u0131klar\u0131n\u0131 (H1, H2, H3) kullan\u0131n.<\/li>\n\n\n\n<li>Ger\u00e7ek bilgiyi sunmak i\u00e7in madde i\u015faretli listeler, numaral\u0131 ad\u0131mlar ve veri tablolar\u0131 kullan\u0131n.<\/li>\n\n\n\n<li>Yapay zeka taray\u0131c\u0131lar\u0131na a\u00e7\u0131k ba\u011flam sa\u011flamak i\u00e7in kapsaml\u0131 Schema.org i\u015faretlemesi (\u00f6rne\u011fin SSS \u015femas\u0131, Makale \u015femas\u0131 ve Organizasyon \u015femas\u0131) uygulay\u0131n.<\/li>\n<\/ul>\n\n\n\n<h2 class=\"wp-block-heading\" id=\"3-build-unshakable-brand-authority-e-e-a-t\">3. Sars\u0131lmaz Marka Otoritesi Olu\u015fturun (E-E-A-T)<\/h2>\n\n\n\n<p>Deneyim, Uzmanl\u0131k, Otorite ve G\u00fcvenilirlik her zamankinden daha hayati \u00f6neme sahiptir. Yapay zeka sistemleri, hal\u00fcsinasyonu \u00f6nlemek i\u00e7in y\u00fcksek g\u00fcvenilir kaynaklara dayanmak \u00fczere programlanm\u0131\u015ft\u0131r. Yazar biyolar\u0131n\u0131n detayl\u0131 oldu\u011fundan, sayg\u0131n d\u0131\u015f kaynaklar\u0131 al\u0131nt\u0131lad\u0131\u011f\u0131n\u0131zdan ve web genelinde tutarl\u0131, ger\u00e7ek\u00e7i bir marka sesi korudu\u011funuzdan emin olun.\u200b<\/p>\n\n\n\n<h2 class=\"wp-block-heading\" id=\"4-optimize-for-agentic-discovery\">4. &#8220;Ajanik&#8221; Ke\u015fif \u0130\u00e7in Optimize Edin<\/h2>\n\n\n\n<p>2026&#8217;ya kadar, i\u00e7eri\u011fi yorumlayabilen ve kullan\u0131c\u0131lar ad\u0131na hareket edebilen \u00f6zerk ajanik yapay zeka sistemleri son derece yayg\u0131nla\u015fmaktad\u0131r. Bu ajanlar i\u00e7in optimizasyon yapmak \u00fczere, i\u015fletme verileriniz (fiyatland\u0131rma, ileti\u015fim bilgileri, hizmet alanlar\u0131) inan\u0131lmaz derecede eri\u015filebilir, do\u011fru ve yap\u0131land\u0131r\u0131lm\u0131\u015f olmal\u0131d\u0131r ki bir yapay zeka ajan\u0131 kullan\u0131c\u0131n\u0131n ad\u0131na g\u00fcvenle &#8220;rezervasyon yapabilsin,&#8221; &#8220;\u00f6neride bulunabilsin&#8221; veya &#8220;sat\u0131n alabilsin.&#8221;\u200b<\/p>\n\n\n\n<h2 class=\"wp-block-heading\" id=\"the-future-of-ai-optimization-trends-shaping-2026\">Th\n\n","protected":false},"excerpt":{"rendered":"<p>Yapay zeka optimizasyonu, yapay zekay\u0131 kullanarak dijital pazarlama performans\u0131n\u0131 iyile\u015ftirmek, i\u015f operasyonlar\u0131n\u0131 basitle\u015ftirmek ve arama g\u00f6r\u00fcn\u00fcrl\u00fc\u011f\u00fcn\u00fc art\u0131rmak i\u00e7in stratejik bir s\u00fcre\u00e7tir. Ger\u00e7ek zamanl\u0131 verileri ve kullan\u0131c\u0131 davran\u0131\u015flar\u0131n\u0131 \u00f6l\u00e7ekli olarak analiz ederek, bu teknoloji markalar\u0131n daha ak\u0131ll\u0131 kararlar almas\u0131n\u0131 ve karma\u015f\u0131k i\u015f ak\u0131\u015flar\u0131n\u0131 otomatikle\u015ftirmesini sa\u011flar. Dijital Pazarlamada Yapay Zeka Yapay zeka destekli platformlar, \u00fccretli medya, SEO [&hellip;]<\/p>\n","protected":false},"author":1,"featured_media":37668,"parent":0,"menu_order":0,"comment_status":"closed","ping_status":"closed","template":"page-child-detail.php","meta":{"_acf_changed":false,"footnotes":""},"class_list":["post-116024","page","type-page","status-publish","has-post-thumbnail","hentry"],"acf":[],"_links":{"self":[{"href":"https:\/\/alienroad.com\/tr\/wp-json\/wp\/v2\/pages\/116024","targetHints":{"allow":["GET"]}}],"collection":[{"href":"https:\/\/alienroad.com\/tr\/wp-json\/wp\/v2\/pages"}],"about":[{"href":"https:\/\/alienroad.com\/tr\/wp-json\/wp\/v2\/types\/page"}],"author":[{"embeddable":true,"href":"https:\/\/alienroad.com\/tr\/wp-json\/wp\/v2\/users\/1"}],"replies":[{"embeddable":true,"href":"https:\/\/alienroad.com\/tr\/wp-json\/wp\/v2\/comments?post=116024"}],"version-history":[{"count":0,"href":"https:\/\/alienroad.com\/tr\/wp-json\/wp\/v2\/pages\/116024\/revisions"}],"wp:featuredmedia":[{"embeddable":true,"href":"https:\/\/alienroad.com\/tr\/wp-json\/wp\/v2\/media\/37668"}],"wp:attachment":[{"href":"https:\/\/alienroad.com\/tr\/wp-json\/wp\/v2\/media?parent=116024"}],"curies":[{"name":"wp","href":"https:\/\/api.w.org\/{rel}","templated":true}]}}