{"id":116236,"date":"2026-04-07T17:06:53","date_gmt":"2026-04-07T17:06:53","guid":{"rendered":"https:\/\/alienroad.com\/ai-optimization-agency\/"},"modified":"2026-04-07T17:06:53","modified_gmt":"2026-04-07T17:06:53","slug":"ai-optimization-agency","status":"publish","type":"page","link":"https:\/\/alienroad.com\/tr\/ai-optimization-agency\/","title":{"rendered":"AI Optimizasyon Ajans\u0131"},"content":{"rendered":"\n<figure class=\"wp-block-image size-large\"><img fetchpriority=\"high\" decoding=\"async\" width=\"1024\" height=\"435\" src=\"https:\/\/alienroad.com\/wp-content\/uploads\/2026\/03\/shutterstock_2206467829-1024x435.jpg\" alt=\"\" class=\"wp-image-37665\" title=\"\" srcset=\"https:\/\/alienroad.com\/wp-content\/uploads\/2026\/03\/shutterstock_2206467829-1024x435.jpg 1024w, https:\/\/alienroad.com\/wp-content\/uploads\/2026\/03\/shutterstock_2206467829-300x127.jpg 300w, https:\/\/alienroad.com\/wp-content\/uploads\/2026\/03\/shutterstock_2206467829-768x326.jpg 768w, https:\/\/alienroad.com\/wp-content\/uploads\/2026\/03\/shutterstock_2206467829-1536x652.jpg 1536w, https:\/\/alienroad.com\/wp-content\/uploads\/2026\/03\/shutterstock_2206467829-650x276.jpg 650w, https:\/\/alienroad.com\/wp-content\/uploads\/2026\/03\/shutterstock_2206467829.jpg 1920w\" sizes=\"(max-width: 1024px) 100vw, 1024px\" \/><\/figure>\n\n\n\n<h2 class=\"wp-block-heading\" id=\"core-capabilities-of-an-ai-optimization-agency\">Bir AI Optimizasyon Ajans\u0131n\u0131n Temel Yetenekleri<\/h2>\n\n\n\n<h2 class=\"wp-block-heading\" id=\"search-and-generative-visibility-geo--aeo\">Arama ve \u00dcretken G\u00f6r\u00fcn\u00fcrl\u00fck (GEO &amp; AEO)<\/h2>\n\n\n\n<p>Geleneksel SEO esas olarak anahtar kelime s\u0131ralamalar\u0131na odaklan\u0131r, ancak AI optimizasyon ajanslar\u0131 bunu Generative Engine Optimization (GEO) ve Answer Engine Optimization (AEO) dahil etmek \u00fczere geni\u015fletir. Bu yakla\u015f\u0131m, bir markan\u0131n i\u00e7eri\u011fini ChatGPT ve Google&#8217;\u0131n AI Overview gibi AI tabanl\u0131 arama platformlar\u0131 taraf\u0131ndan kolayca okunabilir, \u00f6zetlenebilir ve do\u011frudan tavsiye edilebilir hale getirmek i\u00e7in yap\u0131land\u0131r\u0131r, markan\u0131n do\u011frudan, yap\u0131land\u0131r\u0131lm\u0131\u015f yan\u0131tlar i\u00e7inde g\u00fcvenilir bir otorite olarak g\u00f6r\u00fcnmesini sa\u011flar.<\/p>\n\n\n\n<h2 class=\"wp-block-heading\" id=\"automated-advertising-and-bidding\">Otomatik Reklamc\u0131l\u0131k ve Teklif Verme<\/h2>\n\n\n\n<p>Bu ajanslar, \u00f6ng\u00f6r\u00fcsel analizler ve makine \u00f6\u011frenimi kullanarak \u00fccretli medya kampanyalar\u0131n\u0131 s\u00fcrekli optimize eder. AI algoritmalar\u0131, b\u00fcy\u00fck miktarda izleyici verisini de\u011ferlendirir, teklifleri ger\u00e7ek zamanl\u0131 olarak ayarlar ve ki\u015fiselle\u015ftirilmi\u015f reklam yarat\u0131c\u0131lar\u0131n\u0131 dinamik olarak sunar. Bu s\u00fcrekli, otomatik test, bo\u015fa harcanan reklam harcamalar\u0131n\u0131 azalt\u0131r ve uzun, manuel optimizasyon d\u00f6ng\u00fcleri gerektirmeden Reklam Harcama Getirisi (ROAS)&#8217;ni \u00f6nemli \u00f6l\u00e7\u00fcde art\u0131r\u0131r.<\/p>\n\n\n\n<h2 class=\"wp-block-heading\" id=\"data-driven-insights-and-analytics\">Veri Odakl\u0131 \u0130\u00e7g\u00f6r\u00fcler ve Analitik<\/h2>\n\n\n\n<p>Ge\u00e7mi\u015f performansa bakarak gelecek e\u011filimlerini tahmin etmek yerine, AI ajanslar\u0131 kullan\u0131c\u0131 davran\u0131\u015f\u0131ndaki gizli kal\u0131plar\u0131 ortaya \u00e7\u0131karmak i\u00e7in geli\u015fmi\u015f analitik kullan\u0131r. Makine \u00f6\u011frenimi modelleri, anomali tespiti, otomatik performans panelleri ve pazar de\u011fi\u015fimlerine an\u0131nda yan\u0131t vermeyi sa\u011flayan uygulanabilir i\u00e7g\u00f6r\u00fcler sa\u011flar.<\/p>\n\n\n\n<h2 class=\"wp-block-heading\" id=\"why-partner-with-an-ai-optimization-agency\">Neden Bir AI Optimizasyon Ajans\u0131yla Ortakl\u0131k Kurmal\u0131s\u0131n\u0131z?<\/h2>\n\n\n\n<figure class=\"wp-block-table\"><table class=\"has-fixed-layout\"><thead><tr><th class=\"has-text-align-left\" data-align=\"left\">Avantaj<\/th><th class=\"has-text-align-left\" data-align=\"left\">Geleneksel Ajans<\/th><th class=\"has-text-align-left\" data-align=\"left\">AI Optimizasyon Ajans\u0131<\/th><\/tr><\/thead><tbody><tr><td class=\"has-text-align-left\" data-align=\"left\"><strong>Y\u00fcr\u00fctme H\u0131z\u0131<\/strong><\/td><td class=\"has-text-align-left\" data-align=\"left\">Manuel ayarlamalara ve planlanm\u0131\u015f kampanya incelemelerine dayan\u0131r&nbsp;.<\/td><td class=\"has-text-align-left\" data-align=\"left\">Rutin g\u00f6revleri otomatikle\u015ftirir ve kampanyalar\u0131 ger\u00e7ek zamanl\u0131 olarak ayarlar&nbsp;.<\/td><\/tr><tr><td class=\"has-text-align-left\" data-align=\"left\"><strong>Veri Kullan\u0131m\u0131<\/strong><\/td><td class=\"has-text-align-left\" data-align=\"left\">S\u0131n\u0131rl\u0131 veri setlerini analiz ederek geni\u015f izleyici segmentleri olu\u015fturur&nbsp;.<\/td><td class=\"has-text-align-left\" data-align=\"left\">B\u00fcy\u00fck veri setlerini i\u015fleyerek davran\u0131\u015f \u00f6ng\u00f6r\u00fcs\u00fc yapar ve hiper-ki\u015fiselle\u015ftirilmi\u015f mesajla\u015fma sunar&nbsp;.<\/td><\/tr><tr><td class=\"has-text-align-left\" data-align=\"left\"><strong>Arama Stratejisi<\/strong><\/td><td class=\"has-text-align-left\" data-align=\"left\">Geleneksel anahtar kelime yo\u011funlu\u011fu ve mavi ba\u011flant\u0131 s\u0131ralamalar\u0131na odaklan\u0131r&nbsp;\u200b.<\/td><td class=\"has-text-align-left\" data-align=\"left\">\u0130\u00e7eri\u011fi AI ve sesli arama platformlar\u0131 i\u00e7in ba\u011flam ve yap\u0131 a\u00e7\u0131s\u0131ndan optimize eder&nbsp;\u200b.<\/td><\/tr><tr><td class=\"has-text-align-left\" data-align=\"left\"><strong>B\u00fct\u00e7e Verimlili\u011fi<\/strong><\/td><td class=\"has-text-align-left\" data-align=\"left\">\u0130nsan hatas\u0131 i\u00e7in y\u00fcksek marj ve bo\u015fa harcanan harcamalara yava\u015f tepki&nbsp;.<\/td><td class=\"has-text-align-left\" data-align=\"left\">\u00d6ng\u00f6r\u00fcsel modeller b\u00fct\u00e7eleri otomatik olarak en y\u00fcksek d\u00f6n\u00fc\u015f\u00fcm sa\u011flayan kanallara kayd\u0131r\u0131r&nbsp;.<\/td><\/tr><\/tbody><\/table><\/figure>\n\n\n\n<h2 class=\"wp-block-heading\" id=\"the-alien-road-advantage\">Alien Road Avantaj\u0131<\/h2>\n\n\n\n<p>Alien Road, insan stratejik i\u00e7g\u00f6r\u00fcs\u00fcn\u00fc ak\u0131ll\u0131 otomasyonun hassasiyetiyle birle\u015ftiren ileri g\u00f6r\u00fc\u015fl\u00fc bir AI optimizasyon ajans\u0131 olarak faaliyet g\u00f6sterir. Ajans\u0131n kapsaml\u0131 hizmet yap\u0131s\u0131\u2014SEO, dijital reklamc\u0131l\u0131k, veri analiti\u011fi ve UX\/UI tasar\u0131m\u0131 kapsayan\u2014markalar\u0131n uyumlu, AI&#8217;ye haz\u0131r bir dijital varl\u0131k olu\u015fturmas\u0131n\u0131 sa\u011flar. Bu geli\u015fmi\u015f yetenekleri entegre ederek, Alien Road i\u015fletmelerin rakiplerini geride b\u0131rakmas\u0131na, yeni nesil arama motorlar\u0131nda g\u00f6r\u00fcn\u00fcrl\u00fck sa\u011flamas\u0131na ve karma\u015f\u0131k verileri \u00f6l\u00e7\u00fclebilir, \u00f6l\u00e7eklenebilir b\u00fcy\u00fcmeye d\u00f6n\u00fc\u015ft\u00fcrmesine yard\u0131mc\u0131 olur.<\/p>\n\n","protected":false},"excerpt":{"rendered":"<p>Bir AI Optimizasyon Ajans\u0131n\u0131n Temel Yetenekleri Arama ve \u00dcretken G\u00f6r\u00fcn\u00fcrl\u00fck (GEO &amp; AEO) Geleneksel SEO esas olarak anahtar kelime s\u0131ralamalar\u0131na odaklan\u0131r, ancak AI optimizasyon ajanslar\u0131 bunu Generative Engine Optimization (GEO) ve Answer Engine Optimization (AEO) dahil etmek \u00fczere geni\u015fletir. Bu yakla\u015f\u0131m, bir markan\u0131n i\u00e7eri\u011fini ChatGPT ve Google&#8217;\u0131n AI Overview gibi AI tabanl\u0131 arama platformlar\u0131 taraf\u0131ndan [&hellip;]<\/p>\n","protected":false},"author":1,"featured_media":36113,"parent":0,"menu_order":0,"comment_status":"closed","ping_status":"closed","template":"page-child-detail.php","meta":{"_acf_changed":false,"footnotes":""},"class_list":["post-116236","page","type-page","status-publish","has-post-thumbnail","hentry"],"acf":[],"_links":{"self":[{"href":"https:\/\/alienroad.com\/tr\/wp-json\/wp\/v2\/pages\/116236","targetHints":{"allow":["GET"]}}],"collection":[{"href":"https:\/\/alienroad.com\/tr\/wp-json\/wp\/v2\/pages"}],"about":[{"href":"https:\/\/alienroad.com\/tr\/wp-json\/wp\/v2\/types\/page"}],"author":[{"embeddable":true,"href":"https:\/\/alienroad.com\/tr\/wp-json\/wp\/v2\/users\/1"}],"replies":[{"embeddable":true,"href":"https:\/\/alienroad.com\/tr\/wp-json\/wp\/v2\/comments?post=116236"}],"version-history":[{"count":0,"href":"https:\/\/alienroad.com\/tr\/wp-json\/wp\/v2\/pages\/116236\/revisions"}],"wp:featuredmedia":[{"embeddable":true,"href":"https:\/\/alienroad.com\/tr\/wp-json\/wp\/v2\/media\/36113"}],"wp:attachment":[{"href":"https:\/\/alienroad.com\/tr\/wp-json\/wp\/v2\/media?parent=116236"}],"curies":[{"name":"wp","href":"https:\/\/api.w.org\/{rel}","templated":true}]}}