{"id":116394,"date":"2026-03-21T11:21:21","date_gmt":"2026-03-21T11:21:21","guid":{"rendered":"https:\/\/alienroad.com\/backlink-services\/"},"modified":"2026-04-07T17:13:43","modified_gmt":"2026-04-07T17:13:43","slug":"backlink-services","status":"publish","type":"page","link":"https:\/\/alienroad.com\/tr\/backlink-services\/","title":{"rendered":"Geri Ba\u011flant\u0131 Hizmetleri"},"content":{"rendered":"\n<h2 class=\"wp-block-heading\">\u00d6l\u00e7eklenebilir SEO B\u00fcy\u00fcmesi \u0130\u00e7in Y\u00fcksek Otoriteli Geri Ba\u011flant\u0131 Hizmetleri<\/h2>\n\n\n\n<p><strong>Geri Ba\u011flant\u0131 Hizmeti \u2013 Alien Road<\/strong><\/p>\n\n\n\n<p>Google s\u0131ralamalar\u0131n\u0131z markan\u0131z\u0131n g\u00f6r\u00fcn\u00fcrl\u00fc\u011f\u00fcn\u00fc, g\u00fcvenilirli\u011fini ve gelir potansiyelini belirler.<br>Alien Road, s\u0131ralamalar\u0131 art\u0131rmak, organik trafi\u011fi art\u0131rmak ve rekabet\u00e7i anahtar kelimeleri domine etmek i\u00e7in tasarlanm\u0131\u015f <strong>y\u00fcksek otoriteli geri ba\u011flant\u0131 hizmetleri<\/strong> sunar.<\/p>\n\n\n\n<p>Sadece ba\u011flant\u0131 kurmuyor \u2014 SEO hedefleriniz, ni\u015finiz ve hedef kitlenizle uyumlu <strong>veri odakl\u0131 ba\u011flant\u0131 kurma stratejileri<\/strong> olu\u015fturuyoruz.<\/p>\n\n\n\n<p><strong>Ama\u00e7:<\/strong> Daha y\u00fcksek s\u0131ralama elde etmek, otorite kazanmak ve arama sonu\u00e7lar\u0131nda rakiplerinizi geride b\u0131rakmak.<\/p>\n\n\n\n<h2 class=\"wp-block-heading\">Temel Ba\u011flant\u0131 Kurma Hizmetlerimiz<\/h2>\n\n\n\n<h3 class=\"wp-block-heading\">SEO Hakimiyeti \u0130\u00e7in Stratejik Ba\u011flant\u0131 Kurma<\/h3>\n\n\n\n<p><strong>Ba\u011flant\u0131 kurma hizmetimiz<\/strong>, derin rakip analizi, anahtar kelime ara\u015ft\u0131rmas\u0131 ve SERP konumland\u0131rmas\u0131na dayan\u0131r.<\/p>\n\n\n\n<p>Odakland\u0131\u011f\u0131m\u0131z:<\/p>\n\n\n\n<ul class=\"wp-block-list\">\n<li>Y\u00fcksek DA \/ DR geri ba\u011flant\u0131 edinimi<\/li>\n\n\n\n<li>Ni\u015fe \u00f6zg\u00fc ba\u011flant\u0131 yerle\u015ftirmeleri<\/li>\n\n\n\n<li>Beyaz \u015fapkal\u0131 ve g\u00fcvenli SEO stratejileri<\/li>\n<\/ul>\n\n\n\n<p>Bu, cezalar olmadan uzun vadeli s\u0131ralamalar\u0131 sa\u011flar.<\/p>\n\n\n\n<h3 class=\"wp-block-heading\">Y\u00fcksek Otoriteli Geri Ba\u011flant\u0131lar (DA 50+)<\/h3>\n\n\n\n<p>G\u00fcvenilir web sitelerinden g\u00fc\u00e7l\u00fc alan metriklerine sahip <strong>y\u00fcksek otoriteli geri ba\u011flant\u0131lar<\/strong> sa\u011fl\u0131yoruz.<\/p>\n\n\n\n<p>Faydalar:<\/p>\n\n\n\n<ul class=\"wp-block-list\">\n<li>Artan alan otoritesi<\/li>\n\n\n\n<li>Daha h\u0131zl\u0131 anahtar kelime s\u0131ralamas\u0131<\/li>\n\n\n\n<li>Google&#8217;da daha g\u00fc\u00e7l\u00fc g\u00fcven sinyalleri<\/li>\n<\/ul>\n\n\n\n<p>Agresif SEO \u00f6l\u00e7eklendirmesi i\u00e7in m\u00fckemmel.<\/p>\n\n\n\n<h3 class=\"wp-block-heading\">S\u0131ralama Yapan Ba\u011flamsal Geri Ba\u011flant\u0131lar<\/h3>\n\n\n\n<p>Ba\u011flant\u0131lar\u0131n\u0131z\u0131 <strong>SEO optimize edilmi\u015f, ni\u015fe \u00f6zg\u00fc i\u00e7erik<\/strong> i\u00e7ine yerle\u015ftiriyoruz.<\/p>\n\n\n\n<p>Bu <strong>ba\u011flamsal geri ba\u011flant\u0131lar<\/strong>:<\/p>\n\n\n\n<ul class=\"wp-block-list\">\n<li>Tarama yap\u0131labilirli\u011fini art\u0131r\u0131r<\/li>\n\n\n\n<li>S\u0131ralama g\u00fcc\u00fcn\u00fc art\u0131r\u0131r<\/li>\n\n\n\n<li>Hedefli organik trafik \u00e7eker<\/li>\n<\/ul>\n\n\n\n<p>Sadece ba\u011flant\u0131lar de\u011fil \u2014 s\u0131ralama varl\u0131klar\u0131.<\/p>\n\n\n\n<h3 class=\"wp-block-heading\">Premium Geri Ba\u011flant\u0131 Paketleri ve \u00d6zel A\u011flar<\/h3>\n\n\n\n<p><strong>Geri ba\u011flant\u0131 sat\u0131n almay\u0131 g\u00fcvenli bir \u015fekilde<\/strong> mi ar\u0131yorsunuz?<br>Alien Road, <strong>\u00f6zel geri ba\u011flant\u0131 a\u011flar\u0131na<\/strong> ve premium yerle\u015ftirmelere eri\u015fim sa\u011flar.<\/p>\n\n\n\n<p>Sistemimiz:<\/p>\n\n\n\n<ul class=\"wp-block-list\">\n<li>Tamamen kontroll\u00fc<\/li>\n\n\n\n<li>Kalite filtrelenmi\u015f<\/li>\n\n\n\n<li>\u00d6l\u00e7eklenebilir SEO b\u00fcy\u00fcmesi i\u00e7in tasarlanm\u0131\u015f<\/li>\n<\/ul>\n\n\n\n<p>Spam yok. Riskli taktikler yok. Sadece y\u00fcksek etkili ba\u011flant\u0131lar.<\/p>\n\n\n\n<h3 class=\"wp-block-heading\">SEO Geri Ba\u011flant\u0131 Stratejisi ve Rakip Analizi<\/h3>\n\n\n\n<p>Rakiplerinizin geri ba\u011flant\u0131 profillerini analiz ediyoruz ve \u00e7al\u0131\u015fanlar\u0131 \u2014 daha iyi \u2014 \u00e7o\u011falt\u0131yoruz.<\/p>\n\n\n\n<p>Geli\u015fmi\u015f SEO ara\u00e7lar\u0131 kullanarak, \u015funlara odaklan\u0131yoruz:<\/p>\n\n\n\n<ul class=\"wp-block-list\">\n<li>Ba\u011flant\u0131 bo\u015fluklar\u0131<\/li>\n\n\n\n<li>S\u0131ralama f\u0131rsatlar\u0131<\/li>\n\n\n\n<li>Y\u00fcksek de\u011ferli alanlar<\/li>\n<\/ul>\n\n\n\n<p>Sonra rakiplerinizi <strong>geride b\u0131rakmak<\/strong> i\u00e7in bir strateji olu\u015fturuyoruz.<\/p>\n\n\n\n<h2 class=\"wp-block-heading\">Geri Ba\u011flant\u0131 Hizmetleri \u0130\u00e7in Neden Alien Road&#8217;u Se\u00e7melisiniz?<\/h2>\n\n\n\n<p>\u00c7\u00fcnk\u00fc \u00e7o\u011fu ajans ba\u011flant\u0131 satar \u2014 biz <strong>s\u0131ralama sonu\u00e7lar\u0131<\/strong> sunar\u0131z.<\/p>\n\n\n\n<p>Birle\u015ftiriyoruz:<\/p>\n\n\n\n<ul class=\"wp-block-list\">\n<li>Teknik SEO<\/li>\n\n\n\n<li>\u0130\u00e7erik stratejisi<\/li>\n\n\n\n<li>Otorite ba\u011flant\u0131 kurma<\/li>\n<\/ul>\n\n\n\n<p>Bu, her geri ba\u011flant\u0131n\u0131n <strong>daha y\u00fcksek s\u0131ralamalar, daha fazla trafik ve daha iyi d\u00f6n\u00fc\u015f\u00fcmler<\/strong> katk\u0131da bulundu\u011fu tam bir sistem olu\u015fturur.<\/p>\n\n\n\n<h2 class=\"wp-block-heading\">Bekleyebilece\u011finiz Sonu\u00e7lar<\/h2>\n\n\n\n<ul class=\"wp-block-list\">\n<li>Google&#8217;da daha y\u00fcksek s\u0131ralamalar<\/li>\n\n\n\n<li>Artan organik trafik<\/li>\n\n\n\n<li>G\u00fc\u00e7l\u00fc alan otoritesi<\/li>\n\n\n\n<li>Daha iyi d\u00f6n\u00fc\u015f\u00fcm oranlar\u0131<\/li>\n<\/ul>\n\n\n\n<p><strong>Alien Road markan\u0131z\u0131 ait oldu\u011fu yere konumland\u0131r\u0131r: arama sonu\u00e7lar\u0131n\u0131n zirvesine.<\/strong><\/p>\n\n\n\n<h2 class=\"wp-block-heading\">Geri Ba\u011flant\u0131 Nedir? Ne \u0130\u015fe Yarar, Neden \u00d6nemlidir ve Nas\u0131l Olu\u015fturulur (Tam SEO Rehberi)<\/h2>\n\n\n\n<p>Geri ba\u011flant\u0131lar SEO&#8217;da en g\u00fc\u00e7l\u00fc s\u0131ralama fakt\u00f6rlerinden biridir. Basit\u00e7e s\u00f6ylemek gerekirse, bir geri ba\u011flant\u0131 bir web sitesinden di\u011ferine bir ba\u011flant\u0131d\u0131r. Arama motorlar\u0131 \u2014\u00f6zellikle Google\u2014 geri ba\u011flant\u0131lar\u0131 g\u00fcven, otorite ve alakal\u0131k sinyalleri olarak g\u00f6r\u00fcr. Web sitenizin kazand\u0131\u011f\u0131 kaliteli geri ba\u011flant\u0131 ne kadar fazlaysa, arama sonu\u00e7lar\u0131nda o kadar g\u00fcvenilir g\u00f6r\u00fcn\u00fcr.<\/p>\n\n\n\n<p>Bu kapsaml\u0131 rehberde, geri ba\u011flant\u0131lar\u0131n ne oldu\u011funu, neden \u00f6nemli olduklar\u0131n\u0131, nas\u0131l \u00e7al\u0131\u015ft\u0131klar\u0131n\u0131, etkili bir \u015fekilde nas\u0131l olu\u015fturulaca\u011f\u0131n\u0131 ve yayg\u0131n hatalardan nas\u0131l ka\u00e7\u0131n\u0131laca\u011f\u0131n\u0131 \u00f6\u011freneceksiniz. Ayr\u0131ca geri ba\u011flant\u0131lar hakk\u0131nda en yayg\u0131n 100 soruyu yan\u0131tlayan detayl\u0131 bir SSS b\u00f6l\u00fcm\u00fc bulacaks\u0131n\u0131z.<\/p>\n\n\n\n<h2 class=\"wp-block-heading\">Geri Ba\u011flant\u0131 Nedir?<\/h2>\n\n\n\n<p>Bir geri ba\u011flant\u0131 (gelen ba\u011flant\u0131 olarak da adland\u0131r\u0131l\u0131r) bir web sitesinden di\u011ferine i\u015faret eden bir hiperba\u011flant\u0131d\u0131r. \u00d6rne\u011fin, bir blog makalesi web sitenize ba\u011flant\u0131 verirse, o ba\u011flant\u0131 siteniz i\u00e7in bir geri ba\u011flant\u0131 olarak kabul edilir.<\/p>\n\n\n\n<p>Arama motorlar\u0131 geri ba\u011flant\u0131lar\u0131 onaylar olarak yorumlar. Bir\u00e7ok sayg\u0131n site i\u00e7eri\u011finize ba\u011flant\u0131 verirse, bu i\u00e7eri\u011finizin de\u011ferli ve g\u00fcvenilir oldu\u011funu i\u015faret eder.<\/p>\n\n\n\n<h2 class=\"wp-block-heading\">Geri Ba\u011flant\u0131lar Nas\u0131l \u00c7al\u0131\u015f\u0131r?<\/h2>\n\n\n\n<p>Geri ba\u011flant\u0131lar dijital referanslar gibi i\u015flev g\u00f6r\u00fcr. Bir web sitesi sizinize ba\u011flant\u0131 verdi\u011finde:<\/p>\n\n\n\n<ul class=\"wp-block-list\">\n<li>Otorite aktar\u0131r (genellikle \u201cba\u011flant\u0131 suyu\u201d olarak adland\u0131r\u0131l\u0131r)<\/li>\n\n\n\n<li>Arama motorlar\u0131n\u0131n sayfalar\u0131n\u0131z\u0131 ke\u015ffetmesine yard\u0131mc\u0131 olur<\/li>\n\n\n\n<li>Konu alakal\u0131\u011f\u0131n\u0131 olu\u015fturur<\/li>\n\n\n\n<li>Do\u011frudan referans trafi\u011fi g\u00f6nderebilir<\/li>\n<\/ul>\n\n\n\n<p>Ba\u011flant\u0131 veren site ne kadar alakal\u0131 ve otoriterse, etki o kadar g\u00fc\u00e7l\u00fcd\u00fcr.<\/p>\n\n\n\n<h2 class=\"wp-block-heading\">Geri Ba\u011flant\u0131lar Ne \u0130\u015fe Yarar?<\/h2>\n\n\n\n<p>Geri ba\u011flant\u0131lar birka\u00e7 kritik SEO i\u015flevi g\u00f6r\u00fcr:<\/p>\n\n\n\n<h3 class=\"wp-block-heading\">1. Arama S\u0131ralamalar\u0131n\u0131 \u0130yile\u015ftir<\/h3>\n\n\n\n<p>Geri ba\u011flant\u0131lar Google&#8217;\u0131n en \u00fcst s\u0131ralama fakt\u00f6rlerinden biridir. Kaliteli ba\u011flant\u0131lar arama sonu\u00e7lar\u0131ndaki konumunuzu \u00f6nemli \u00f6l\u00e7\u00fcde art\u0131rabilir.<\/p>\n\n\n\n<h3 class=\"wp-block-heading\">2. Alan Otoritesini Art\u0131r<\/h3>\n\n\n\n<p>Otoriter web sitelerinden gelen ba\u011flant\u0131lar sitenizin alg\u0131lanan g\u00fcvenilirli\u011fini art\u0131r\u0131r.<\/p>\n\n\n\n<h3 class=\"wp-block-heading\">3. Referans Trafi\u011fi \u00c7ek<\/h3>\n\n\n\n<p>Kullan\u0131c\u0131lar geri ba\u011flant\u0131lara t\u0131klayabilir ve web sitenizi do\u011frudan ziyaret edebilir.<\/p>\n\n\n\n<h3 class=\"wp-block-heading\">4. Marka G\u00fcveni Olu\u015ftur<\/h3>\n\n\n\n<p>G\u00fcvenilir platformlarda bahsedilmek ve ba\u011flant\u0131 verilmesi marka tan\u0131n\u0131rl\u0131\u011f\u0131n\u0131 ve g\u00fcvenini art\u0131r\u0131r.<\/p>\n\n\n\n<h2 class=\"wp-block-heading\">Geri Ba\u011flant\u0131 T\u00fcrleri<\/h2>\n\n\n\n<h3 class=\"wp-block-heading\">1. DoFollow Geri Ba\u011flant\u0131lar<\/h3>\n\n\n\n<p>Bunlar otorite aktar\u0131r ve s\u0131ralamalar\u0131 do\u011frudan etkiler. En de\u011ferli t\u00fcrd\u00fcr.<\/p>\n\n\n\n<h3 class=\"wp-block-heading\">2. NoFollow Geri Ba\u011flant\u0131lar<\/h3>\n\n\n\n<p>Do\u011frudan SEO de\u011feri aktarmazlar ancak do\u011fal bir ba\u011flant\u0131 profili s\u00fcrd\u00fcrmeye yard\u0131mc\u0131 olurlar.<\/p>\n\n\n\n<h3 class=\"wp-block-heading\">3. Edit\u00f6ryal Geri Ba\u011flant\u0131lar<\/h3>\n\n\n\n<p>Y\u00fcksek kaliteli i\u00e7erikte do\u011fal olarak dahil edilen ba\u011flant\u0131lar (en de\u011ferli).<\/p>\n\n\n\n<h3 class=\"wp-block-heading\">4. Misafir G\u00f6nderi Geri Ba\u011flant\u0131lar\u0131<\/h3>\n\n\n\n<p>Di\u011fer web sitelerinde makale yazarak kazan\u0131lan ba\u011flant\u0131lar.<\/p>\n\n\n\n<h3 class=\"wp-block-heading\">5. Dizin Geri Ba\u011flant\u0131lar\u0131<\/h3>\n\n\n\n<p>\u0130\u015f dizinlerinden gelen ba\u011flant\u0131lar (y\u00fcksek kaliteli ise faydal\u0131).<\/p>\n\n\n\n<h3 class=\"wp-block-heading\">6. Forum ve Profil Geri Ba\u011flant\u0131lar\u0131<\/h3>\n\n\n\n<p>D\u00fc\u015f\u00fck etki ama \u00e7e\u015fitlendirme i\u00e7in faydal\u0131.<\/p>\n\n\n\n<h2 class=\"wp-block-heading\">Bir Y\u00fcksek Kaliteli Geri Ba\u011flant\u0131y\u0131 Ne Yapar?<\/h2>\n\n\n\n<p>G\u00fc\u00e7l\u00fc bir geri ba\u011flant\u0131 tipik olarak \u015fu \u00f6zelliklere sahiptir:<\/p>\n\n\n\n<ul class=\"wp-block-list\">\n<li>Y\u00fcksek otoriteli bir web sitesinden gelir<\/li>\n\n\n\n<li>Ni\u015finize alakal\u0131d\u0131r<\/li>\n\n\n\n<li>\u0130\u00e7erik i\u00e7inde do\u011fal olarak g\u00f6r\u00fcn\u00fcr<\/li>\n\n\n\n<li>Ba\u011flamsal \u00e7apa metni kullan\u0131r<\/li>\n\n\n\n<li>Spam veya manip\u00fclatif de\u011fildir<\/li>\n<\/ul>\n\n\n\n<h2 class=\"wp-block-heading\">Geri Ba\u011flant\u0131lar Nas\u0131l Olu\u015fturulur (Ad\u0131m Ad\u0131m)<\/h2>\n\n\n\n<h3 class=\"wp-block-heading\">1. Y\u00fcksek Kaliteli \u0130\u00e7erik Olu\u015ftur<\/h3>\n\n\n\n<p>Geri ba\u011flant\u0131lar\u0131n temeli de\u011ferli i\u00e7eriktir. \u0130\u00e7eri\u011finiz faydal\u0131ysa, insanlar do\u011fal olarak ona ba\u011flant\u0131 verecektir.<\/p>\n\n\n\n<h3 class=\"wp-block-heading\">2. Misafir Blogging<\/h3>\n\n\n\n<p>Ni\u015finizdeki sayg\u0131n web siteleri i\u00e7in makaleler yaz\u0131n ve sitenize geri ba\u011flant\u0131 ekleyin.<\/p>\n\n\n\n<h3 class=\"wp-block-heading\">3. Ula\u015f\u0131m Kampanyalar\u0131<\/h3>\n\n\n\n<p>Web sitesi sahipleri, blog yazarlar\u0131 ve gazetecilere ula\u015farak i\u00e7eri\u011finizi tan\u0131t\u0131n.<\/p>\n\n\n\n<h3 class=\"wp-block-heading\">4. K\u0131r\u0131k Ba\u011flant\u0131 Kurma<\/h3>\n\n\n\n<p>Di\u011fer web sitelerindeki k\u0131r\u0131k ba\u011flant\u0131lar\u0131 bulun ve i\u00e7eri\u011finizi yerine \u00f6nerin.<\/p>\n\n\n\n<h3 class=\"wp-block-heading\">5. Dijital PR<\/h3>\n\n\n\n<p>Medya dikkatini \u00e7eken ve geri ba\u011flant\u0131lar kazanan haber de\u011feri ta\u015f\u0131yan i\u00e7erikler yay\u0131nlay\u0131n.<\/p>\n\n\n\n<h3 class=\"wp-block-heading\">6. Kaynak Sayfas\u0131 Ba\u011flant\u0131 Kurma<\/h3>\n\n\n\n<p>End\u00fcstrinizdeki derlenmi\u015f kaynak sayfalar\u0131nda listelenin.<\/p>\n\n\n\n<h2 class=\"wp-block-heading\">Geri Ba\u011flant\u0131lar Neden Gerekli?<\/h2>\n\n\n\n<p>Geri ba\u011flant\u0131lar \u015funlar i\u00e7in esast\u0131r:<\/p>\n\n\n\n<ul class=\"wp-block-list\">\n<li>Arama motorlar\u0131 sayfalar\u0131 ke\u015ffetmek ve s\u0131ralamak i\u00e7in kullan\u0131r<\/li>\n\n\n\n<li>Rekabet\u00e7i anahtar kelimeler g\u00fc\u00e7l\u00fc geri ba\u011flant\u0131 profilleri gerektirir<\/li>\n\n\n\n<li>Alan otoritesi b\u00fcy\u00fcmesini h\u0131zland\u0131r\u0131r<\/li>\n\n\n\n<li>\u0130\u00e7eri\u011finizin g\u00fcvenilirli\u011fini do\u011frular<\/li>\n<\/ul>\n\n\n\n<p>Geri ba\u011flant\u0131lar olmadan, rekabet\u00e7i anahtar kelimelerde s\u0131ralama son derece zordur.<\/p>\n\n\n\n<h2 class=\"wp-block-heading\">K\u00f6t\u00fc Geri Ba\u011flant\u0131lar\u0131n Riskleri<\/h2>\n\n\n\n<p>T\u00fcm geri ba\u011flant\u0131lar faydal\u0131 de\u011fildir. D\u00fc\u015f\u00fck kaliteli geri ba\u011flant\u0131lar SEO&#8217;nuzu zarar verebilir.<\/p>\n\n\n\n<p>Yayg\u0131n riskler \u015funlard\u0131r:<\/p>\n\n\n\n<ul class=\"wp-block-list\">\n<li>Spam veya alakas\u0131z sitelerden gelen ba\u011flant\u0131lar<\/li>\n\n\n\n<li>\u00dccretli ba\u011flant\u0131 \u015femalar\u0131<\/li>\n\n\n\n<li>A\u015f\u0131r\u0131 ba\u011flant\u0131 de\u011fi\u015fimleri<\/li>\n\n\n\n<li>Otomatik ba\u011flant\u0131 olu\u015fturma<\/li>\n<\/ul>\n\n","protected":false},"excerpt":{"rendered":"<p>\u00d6l\u00e7eklenebilir SEO B\u00fcy\u00fcmesi \u0130\u00e7in Y\u00fcksek Otoriteli Geri Ba\u011flant\u0131 Hizmetleri Geri Ba\u011flant\u0131 Hizmeti \u2013 Alien Road Google s\u0131ralamalar\u0131n\u0131z markan\u0131z\u0131n g\u00f6r\u00fcn\u00fcrl\u00fc\u011f\u00fcn\u00fc, g\u00fcvenilirli\u011fini ve gelir potansiyelini belirler.Alien Road, s\u0131ralamalar\u0131 art\u0131rmak, organik trafi\u011fi art\u0131rmak ve rekabet\u00e7i anahtar kelimeleri domine etmek i\u00e7in tasarlanm\u0131\u015f y\u00fcksek otoriteli geri ba\u011flant\u0131 hizmetleri sunar. Sadece ba\u011flant\u0131 kurmuyor \u2014 SEO hedefleriniz, ni\u015finiz ve hedef kitlenizle uyumlu [&hellip;]<\/p>\n","protected":false},"author":1,"featured_media":37524,"parent":0,"menu_order":0,"comment_status":"closed","ping_status":"closed","template":"page-child-detail.php","meta":{"_acf_changed":false,"footnotes":""},"class_list":["post-116394","page","type-page","status-publish","has-post-thumbnail","hentry"],"acf":[],"_links":{"self":[{"href":"https:\/\/alienroad.com\/tr\/wp-json\/wp\/v2\/pages\/116394","targetHints":{"allow":["GET"]}}],"collection":[{"href":"https:\/\/alienroad.com\/tr\/wp-json\/wp\/v2\/pages"}],"about":[{"href":"https:\/\/alienroad.com\/tr\/wp-json\/wp\/v2\/types\/page"}],"author":[{"embeddable":true,"href":"https:\/\/alienroad.com\/tr\/wp-json\/wp\/v2\/users\/1"}],"replies":[{"embeddable":true,"href":"https:\/\/alienroad.com\/tr\/wp-json\/wp\/v2\/comments?post=116394"}],"version-history":[{"count":0,"href":"https:\/\/alienroad.com\/tr\/wp-json\/wp\/v2\/pages\/116394\/revisions"}],"wp:featuredmedia":[{"embeddable":true,"href":"https:\/\/alienroad.com\/tr\/wp-json\/wp\/v2\/media\/37524"}],"wp:attachment":[{"href":"https:\/\/alienroad.com\/tr\/wp-json\/wp\/v2\/media?parent=116394"}],"curies":[{"name":"wp","href":"https:\/\/api.w.org\/{rel}","templated":true}]}}